{"id":48,"date":"2010-04-15T14:02:53","date_gmt":"2010-04-15T13:02:53","guid":{"rendered":"http:\/\/www.luks.hr\/?page_id=48"},"modified":"2017-10-26T12:20:17","modified_gmt":"2017-10-26T10:20:17","slug":"financijske-ustanove","status":"publish","type":"page","link":"https:\/\/www.luks.hr\/en\/reference\/financijske-ustanove\/","title":{"rendered":"Financial institutions"},"content":{"rendered":"<ul>\n<li>Croatia osiguranje d.d. (Pazin, Pula, Zagreb, Sesvete, \u0160ibenik)<\/li>\n<li>Croatia osiguranje, Zagreb<\/li>\n<li>Karlova\u010dka banka, Karlovac<\/li>\n<li>Zagreba\u010dka banka, Opatija, Rovinj<\/li>\n<li>Gradska banka, Osijek, Rijeka, Opatija<\/li>\n<li>Ri-Adria banka, Rijeka<\/li>\n<li>Kreditna banka Zagreb, poslovnica Pula<\/li>\n<li>Istarska kreditna banka d.d. Umag, Pazin, Buzet, Buje<\/li>\n<li>Erste &amp; Steiermarkische bank d.d., Rijeka, Zagreb, Pazin<\/li>\n<li>Financijska agencija, Pula, Rovinj, Lo\u0161inj, Pore\u010d, Pazin, Buje<\/li>\n<li>Croatia osiguranje, Pore\u010d, Pazin<\/li>\n<li>Sava osiguranje, Rijeka<\/li>\n<\/ul>\n","protected":false},"excerpt":{"rendered":"<p>Croatia osiguranje d.d. (Pazin, Pula, Zagreb, Sesvete, \u0160ibenik) Croatia osiguranje, Zagreb Karlova\u010dka banka, Karlovac Zagreba\u010dka banka, Opatija, Rovinj Gradska banka, Osijek, Rijeka, Opatija Ri-Adria banka, Rijeka Kreditna banka Zagreb, poslovnica Pula Istarska kreditna banka d.d. Umag, Pazin, Buzet, Buje Erste &amp; Steiermarkische bank d.d., Rijeka, Zagreb, Pazin Financijska agencija, Pula, Rovinj, Lo\u0161inj, Pore\u010d, Pazin, Buje [&hellip;]<\/p>\n","protected":false},"author":3,"featured_media":0,"parent":12,"menu_order":0,"comment_status":"open","ping_status":"open","template":"","meta":[],"_links":{"self":[{"href":"https:\/\/www.luks.hr\/en\/wp-json\/wp\/v2\/pages\/48"}],"collection":[{"href":"https:\/\/www.luks.hr\/en\/wp-json\/wp\/v2\/pages"}],"about":[{"href":"https:\/\/www.luks.hr\/en\/wp-json\/wp\/v2\/types\/page"}],"author":[{"embeddable":true,"href":"https:\/\/www.luks.hr\/en\/wp-json\/wp\/v2\/users\/3"}],"replies":[{"embeddable":true,"href":"https:\/\/www.luks.hr\/en\/wp-json\/wp\/v2\/comments?post=48"}],"version-history":[{"count":9,"href":"https:\/\/www.luks.hr\/en\/wp-json\/wp\/v2\/pages\/48\/revisions"}],"predecessor-version":[{"id":771,"href":"https:\/\/www.luks.hr\/en\/wp-json\/wp\/v2\/pages\/48\/revisions\/771"}],"up":[{"embeddable":true,"href":"https:\/\/www.luks.hr\/en\/wp-json\/wp\/v2\/pages\/12"}],"wp:attachment":[{"href":"https:\/\/www.luks.hr\/en\/wp-json\/wp\/v2\/media?parent=48"}],"curies":[{"name":"wp","href":"https:\/\/api.w.org\/{rel}","templated":true}]}}