{"id":40,"date":"2010-04-15T14:01:17","date_gmt":"2010-04-15T13:01:17","guid":{"rendered":"http:\/\/www.luks.hr\/?page_id=40"},"modified":"2019-10-02T09:22:46","modified_gmt":"2019-10-02T07:22:46","slug":"wellness-centri","status":"publish","type":"page","link":"https:\/\/www.luks.hr\/en\/reference\/wellness-centri\/","title":{"rendered":"Wellness and fitness centres"},"content":{"rendered":"<ul>\n<li>Wellness Grand Park hotela, Rovinj<\/li>\n<li>Wellness hotela Amarin, Rovinj<\/li>\n<li>Wellness hotela Belvedere, Medulin<\/li>\n<li>Wellness hotela Eden, Rovinj<\/li>\n<li>Wellness hotela Lone, Rovinj<\/li>\n<li>Wellness hotela Molindrio, Pore\u010d<\/li>\n<li>Fitness centar Gotham, Zadar<\/li>\n<li>Fitness centar Zamet, Rijeka<\/li>\n<li>Wellness hotela Monte Mulini, Rovinj<\/li>\n<li>Wellness hotela Novi, Novi Vinodolski<\/li>\n<li>Wellness hotela Ka\u0161tel, Motovun<\/li>\n<li>Wellness hotela Sanfior, Rabac<\/li>\n<li>Wellness hotela Marina, Mo\u0161\u0107eni\u010dka Draga<\/li>\n<li>Wellness hotela Koralj, Umag<\/li>\n<li>Wellness centar Thalasso, Opatija<\/li>\n<li>Wellness hotela Bonavia, Rijeka<\/li>\n<\/ul>\n","protected":false},"excerpt":{"rendered":"<p>Wellness Grand Park hotela, Rovinj Wellness hotela Amarin, Rovinj Wellness hotela Belvedere, Medulin Wellness hotela Eden, Rovinj Wellness hotela Lone, Rovinj Wellness hotela Molindrio, Pore\u010d Fitness centar Gotham, Zadar Fitness centar Zamet, Rijeka Wellness hotela Monte Mulini, Rovinj Wellness hotela Novi, Novi Vinodolski Wellness hotela Ka\u0161tel, Motovun Wellness hotela Sanfior, Rabac Wellness hotela Marina, Mo\u0161\u0107eni\u010dka [&hellip;]<\/p>\n","protected":false},"author":3,"featured_media":0,"parent":12,"menu_order":0,"comment_status":"open","ping_status":"open","template":"","meta":[],"_links":{"self":[{"href":"https:\/\/www.luks.hr\/en\/wp-json\/wp\/v2\/pages\/40"}],"collection":[{"href":"https:\/\/www.luks.hr\/en\/wp-json\/wp\/v2\/pages"}],"about":[{"href":"https:\/\/www.luks.hr\/en\/wp-json\/wp\/v2\/types\/page"}],"author":[{"embeddable":true,"href":"https:\/\/www.luks.hr\/en\/wp-json\/wp\/v2\/users\/3"}],"replies":[{"embeddable":true,"href":"https:\/\/www.luks.hr\/en\/wp-json\/wp\/v2\/comments?post=40"}],"version-history":[{"count":13,"href":"https:\/\/www.luks.hr\/en\/wp-json\/wp\/v2\/pages\/40\/revisions"}],"predecessor-version":[{"id":838,"href":"https:\/\/www.luks.hr\/en\/wp-json\/wp\/v2\/pages\/40\/revisions\/838"}],"up":[{"embeddable":true,"href":"https:\/\/www.luks.hr\/en\/wp-json\/wp\/v2\/pages\/12"}],"wp:attachment":[{"href":"https:\/\/www.luks.hr\/en\/wp-json\/wp\/v2\/media?parent=40"}],"curies":[{"name":"wp","href":"https:\/\/api.w.org\/{rel}","templated":true}]}}