{"id":37,"date":"2010-04-15T14:00:19","date_gmt":"2010-04-15T13:00:19","guid":{"rendered":"http:\/\/www.luks.hr\/?page_id=37"},"modified":"2019-10-02T09:20:43","modified_gmt":"2019-10-02T07:20:43","slug":"parkovi-ulice-i-trgovi","status":"publish","type":"page","link":"https:\/\/www.luks.hr\/en\/reference\/parkovi-ulice-i-trgovi\/","title":{"rendered":"Parks, beaches, streets and public squares"},"content":{"rendered":"<ul>\n<li>\u0160etnica Grand Hotel Park i recepcija Delfin, Rovinj<\/li>\n<li>ACI marina, Rovinj<\/li>\n<li>Trg Vatroslav Lisinski, Osijek<\/li>\n<li>\u0160etnica Stari Grad, Hvar<\/li>\n<li>Pla\u017ea i \u0161etnica hotela Sipar, Umag<\/li>\n<li>Sun\u010dali\u0161te hotela Albatros, Pore\u010d<\/li>\n<li>\u0160etnica (riva), Fa\u017eana<\/li>\n<li>Parking Monvi, Rovinj<\/li>\n<li>Pla\u017ea Girandella, Rabac<\/li>\n<li>Kru\u017eni tok Podberam, Pazin<\/li>\n<li>Trg Beli Manastir<\/li>\n<li>Sredi\u0161nji trg, spomenik Oluja 95, Knin<\/li>\n<li>Tr\u017enica Opatija<\/li>\n<li>Pristupna cesta i pla\u017ea uvale Molindrio, Zelena laguna, Pore\u010d<\/li>\n<li>Pla\u017ea Delfin, Pore\u010d<\/li>\n<li>ACI marina, Dubrovnik<\/li>\n<li>ACI marina, Cres<\/li>\n<li>Trg Petrovija, Umag<\/li>\n<li>Pla\u017ea Ambrela, Pore\u010d-Novigrad<\/li>\n<li>Trg Lopar, Rab<\/li>\n<li>Vidikovac, Labin<\/li>\n<li>Kru\u017eni tok, Pazin<\/li>\n<li>Trg Kristijana Ladavca, Pazin<\/li>\n<li>Korzo Novi Vinodolski<\/li>\n<li>Naselje Mar\u0161eti, Pazin<\/li>\n<li>Blatska ulica, Dubrovnik<\/li>\n<li>Vila Barle, Dubrovnik<\/li>\n<li>Gat Sv. Petra, Split<\/li>\n<li>\u0160etnica, Medulin<\/li>\n<li>Park dvorca Crijevi\u0107-Puci\u0107, Dubrovnik<\/li>\n<li>Gradski park, Slano<\/li>\n<\/ul>\n","protected":false},"excerpt":{"rendered":"<p>\u0160etnica Grand Hotel Park i recepcija Delfin, Rovinj ACI marina, Rovinj Trg Vatroslav Lisinski, Osijek \u0160etnica Stari Grad, Hvar Pla\u017ea i \u0161etnica hotela Sipar, Umag Sun\u010dali\u0161te hotela Albatros, Pore\u010d \u0160etnica (riva), Fa\u017eana Parking Monvi, Rovinj Pla\u017ea Girandella, Rabac Kru\u017eni tok Podberam, Pazin Trg Beli Manastir Sredi\u0161nji trg, spomenik Oluja 95, Knin Tr\u017enica Opatija Pristupna cesta [&hellip;]<\/p>\n","protected":false},"author":3,"featured_media":0,"parent":12,"menu_order":0,"comment_status":"open","ping_status":"open","template":"","meta":[],"_links":{"self":[{"href":"https:\/\/www.luks.hr\/en\/wp-json\/wp\/v2\/pages\/37"}],"collection":[{"href":"https:\/\/www.luks.hr\/en\/wp-json\/wp\/v2\/pages"}],"about":[{"href":"https:\/\/www.luks.hr\/en\/wp-json\/wp\/v2\/types\/page"}],"author":[{"embeddable":true,"href":"https:\/\/www.luks.hr\/en\/wp-json\/wp\/v2\/users\/3"}],"replies":[{"embeddable":true,"href":"https:\/\/www.luks.hr\/en\/wp-json\/wp\/v2\/comments?post=37"}],"version-history":[{"count":10,"href":"https:\/\/www.luks.hr\/en\/wp-json\/wp\/v2\/pages\/37\/revisions"}],"predecessor-version":[{"id":835,"href":"https:\/\/www.luks.hr\/en\/wp-json\/wp\/v2\/pages\/37\/revisions\/835"}],"up":[{"embeddable":true,"href":"https:\/\/www.luks.hr\/en\/wp-json\/wp\/v2\/pages\/12"}],"wp:attachment":[{"href":"https:\/\/www.luks.hr\/en\/wp-json\/wp\/v2\/media?parent=37"}],"curies":[{"name":"wp","href":"https:\/\/api.w.org\/{rel}","templated":true}]}}